{"id":46,"date":"2026-02-01T19:34:10","date_gmt":"2026-02-01T18:34:10","guid":{"rendered":"https:\/\/studiobellefontaine.fr\/?page_id=46"},"modified":"2026-05-12T10:59:22","modified_gmt":"2026-05-12T08:59:22","slug":"nos-locations","status":"publish","type":"page","link":"https:\/\/studiobellefontaine.fr\/","title":{"rendered":"Nos locations"},"content":{"rendered":"\n<div class=\"wp-block-cover alignfull\" style=\"padding-top:var(--wp--preset--spacing--80);padding-right:var(--wp--preset--spacing--50);padding-bottom:var(--wp--preset--spacing--80);padding-left:var(--wp--preset--spacing--50);min-height:620px;aspect-ratio:unset;\"><img loading=\"lazy\" decoding=\"async\" width=\"2400\" height=\"1602\" sizes=\"auto, (max-width: 799px) 200vw, (max-width: 2400px) 100vw, 2400px\" class=\"wp-block-cover__image-background wp-image-147\" alt=\"\" src=\"https:\/\/studiobellefontaine.fr\/wp-content\/uploads\/2026\/05\/haute-chaine-jura-la-pesse.jpg\" data-object-fit=\"cover\" srcset=\"https:\/\/studiobellefontaine.fr\/wp-content\/uploads\/2026\/05\/haute-chaine-jura-la-pesse.jpg 2400w, https:\/\/studiobellefontaine.fr\/wp-content\/uploads\/2026\/05\/haute-chaine-jura-la-pesse-300x200.jpg 300w, https:\/\/studiobellefontaine.fr\/wp-content\/uploads\/2026\/05\/haute-chaine-jura-la-pesse-1024x684.jpg 1024w, https:\/\/studiobellefontaine.fr\/wp-content\/uploads\/2026\/05\/haute-chaine-jura-la-pesse-768x513.jpg 768w, https:\/\/studiobellefontaine.fr\/wp-content\/uploads\/2026\/05\/haute-chaine-jura-la-pesse-1536x1025.jpg 1536w, https:\/\/studiobellefontaine.fr\/wp-content\/uploads\/2026\/05\/haute-chaine-jura-la-pesse-2048x1367.jpg 2048w\" \/><span aria-hidden=\"true\" class=\"wp-block-cover__background has-contrast-background-color has-background-dim\"><\/span><div class=\"wp-block-cover__inner-container is-layout-flow wp-block-cover-is-layout-flow\">\n<p class=\"has-text-align-center has-base-color has-text-color\" style=\"font-size:14px;letter-spacing:5px;text-transform:uppercase\">Parc naturel du Haut-Jura \u00b7 1000 m d&rsquo;altitude<\/p>\n\n\n\n<div style=\"height:16px\" aria-hidden=\"true\" class=\"wp-block-spacer\"><\/div>\n\n\n\n<h1 class=\"wp-block-heading has-text-align-center has-base-color has-text-color\" style=\"font-size:clamp(2.8rem, 7vw, 5rem);font-weight:500;line-height:1.05\">Locations Haut-Jura<\/h1>\n\n\n\n<p class=\"has-text-align-center has-base-color has-text-color\" style=\"font-size:clamp(0.875rem, 0.875rem + ((1vw - 0.2rem) * 0.51), 1.2rem);line-height:1.6\">Deux locations de vacances au c\u0153ur du Jura,<br>pour des s\u00e9jours nature en toute saison.<\/p>\n<\/div><\/div>\n\n\n\n<div class=\"wp-block-group alignwide has-global-padding is-layout-constrained wp-container-core-group-is-layout-545d88d2 wp-block-group-is-layout-constrained\" style=\"padding-top:var(--wp--preset--spacing--70);padding-bottom:var(--wp--preset--spacing--40)\">\n<p class=\"has-text-align-center has-contrast-2-color has-text-color\" style=\"font-size:12px;letter-spacing:3px;text-transform:uppercase\">Bienvenue<\/p>\n\n\n\n<h2 class=\"wp-block-heading has-text-align-center\" style=\"font-size:clamp(1.25rem, 1.25rem + ((1vw - 0.2rem) * 1.176), 2rem);font-weight:500\">L&rsquo;esprit du Haut-Jura<\/h2>\n\n\n\n<p class=\"has-text-align-center\" style=\"font-size:clamp(0.875rem, 0.875rem + ((1vw - 0.2rem) * 0.431), 1.15rem);line-height:1.7\">\u00c0 Bellefontaine et Foncine le Haut, deux locations chaleureuses vous attendent au c\u0153ur du parc naturel r\u00e9gional. Ski, randonn\u00e9e, lacs, raquettes, v\u00e9lo&nbsp;: la nature jurassienne se vit toute l&rsquo;ann\u00e9e.<\/p>\n<\/div>\n\n\n\n<div class=\"wp-block-group alignwide has-global-padding is-layout-constrained wp-block-group-is-layout-constrained\" style=\"padding-top:var(--wp--preset--spacing--50);padding-bottom:var(--wp--preset--spacing--70)\">\n<h2 class=\"wp-block-heading has-text-align-center\" style=\"font-weight:500\">Nos locations<\/h2>\n\n\n\n<p class=\"has-text-align-center has-contrast-2-color has-text-color\" style=\"font-size:clamp(0.875rem, 0.875rem + ((1vw - 0.2rem) * 0.196), 1rem);\">Deux logements, une m\u00eame qualit\u00e9 d&rsquo;accueil<\/p>\n\n\n\n<div style=\"height:48px\" aria-hidden=\"true\" class=\"wp-block-spacer\"><\/div>\n\n\n\n<div class=\"wp-block-columns alignwide is-layout-flex wp-container-core-columns-is-layout-d0b3c9c8 wp-block-columns-is-layout-flex\">\n<div class=\"wp-block-column is-layout-flow wp-block-column-is-layout-flow\">\n<div class=\"wp-block-cover\" style=\"border-radius:12px;min-height:380px;aspect-ratio:unset;\"><img loading=\"lazy\" decoding=\"async\" width=\"1024\" height=\"568\" sizes=\"auto, (max-width: 799px) 200vw, (max-width: 1701px) 100vw, 1701px\" class=\"wp-block-cover__image-background wp-image-23\" alt=\"\" src=\"https:\/\/studiobellefontaine.fr\/wp-content\/uploads\/2026\/02\/ext-juillet-1024x568.jpg\" data-object-fit=\"cover\" srcset=\"https:\/\/studiobellefontaine.fr\/wp-content\/uploads\/2026\/02\/ext-juillet-1024x568.jpg 1024w, https:\/\/studiobellefontaine.fr\/wp-content\/uploads\/2026\/02\/ext-juillet-300x166.jpg 300w, https:\/\/studiobellefontaine.fr\/wp-content\/uploads\/2026\/02\/ext-juillet-768x426.jpg 768w, https:\/\/studiobellefontaine.fr\/wp-content\/uploads\/2026\/02\/ext-juillet-1536x852.jpg 1536w, https:\/\/studiobellefontaine.fr\/wp-content\/uploads\/2026\/02\/ext-juillet.jpg 1701w\" \/><span aria-hidden=\"true\" class=\"wp-block-cover__background has-background-dim-20 has-background-dim wp-block-cover__gradient-background has-background-gradient\" style=\"background:linear-gradient(180deg,rgba(0,0,0,0) 50%,rgba(42,61,46,0.85) 100%)\"><\/span><div class=\"wp-block-cover__inner-container is-layout-flow wp-block-cover-is-layout-flow\">\n<p class=\"has-text-align-center has-base-color has-text-color\" style=\"font-size:11px;letter-spacing:3px;text-transform:uppercase\">Bellefontaine \u00b7 35 m\u00b2<\/p>\n\n\n\n<h3 class=\"wp-block-heading has-text-align-center has-base-color has-text-color\" style=\"font-size:clamp(1.146rem, 1.146rem + ((1vw - 0.2rem) * 1.026), 1.8rem);font-weight:500\">Le Studio<\/h3>\n\n\n\n<p class=\"has-text-align-center has-base-color has-text-color\">G\u00eete 3\u2605 cosy pour 2 \u00e0 3 personnes<\/p>\n<\/div><\/div>\n\n\n\n<div style=\"height:16px\" aria-hidden=\"true\" class=\"wp-block-spacer\"><\/div>\n\n\n\n<div class=\"wp-block-buttons is-content-justification-center is-layout-flex wp-container-core-buttons-is-layout-a89b3969 wp-block-buttons-is-layout-flex\">\n<div class=\"wp-block-button\"><a class=\"wp-block-button__link has-base-color has-contrast-background-color has-text-color has-background wp-element-button\" href=\"https:\/\/studiobellefontaine.fr\/index.php\/studio\/\" style=\"border-radius:4px;padding-top:12px;padding-right:32px;padding-bottom:12px;padding-left:32px\">D\u00e9couvrir le studio \u2192<\/a><\/div>\n<\/div>\n<\/div>\n\n\n\n<div class=\"wp-block-column is-layout-flow wp-block-column-is-layout-flow\">\n<div class=\"wp-block-cover\" style=\"border-radius:12px;min-height:380px;aspect-ratio:unset;\"><img loading=\"lazy\" decoding=\"async\" width=\"794\" height=\"533\" sizes=\"auto, (max-width: 799px) 200vw, (max-width: 794px) 100vw, 794px\" class=\"wp-block-cover__image-background wp-image-107\" alt=\"\" src=\"https:\/\/studiobellefontaine.fr\/wp-content\/uploads\/2026\/02\/depuis-la-route.jpg\" data-object-fit=\"cover\" srcset=\"https:\/\/studiobellefontaine.fr\/wp-content\/uploads\/2026\/02\/depuis-la-route.jpg 794w, https:\/\/studiobellefontaine.fr\/wp-content\/uploads\/2026\/02\/depuis-la-route-300x201.jpg 300w, https:\/\/studiobellefontaine.fr\/wp-content\/uploads\/2026\/02\/depuis-la-route-768x516.jpg 768w\" \/><span aria-hidden=\"true\" class=\"wp-block-cover__background has-background-dim-20 has-background-dim wp-block-cover__gradient-background has-background-gradient\" style=\"background:linear-gradient(180deg,rgba(0,0,0,0) 50%,rgba(42,61,46,0.85) 100%)\"><\/span><div class=\"wp-block-cover__inner-container is-layout-flow wp-block-cover-is-layout-flow\">\n<p class=\"has-text-align-center has-base-color has-text-color\" style=\"font-size:11px;letter-spacing:3px;text-transform:uppercase\">Foncine le Haut<\/p>\n\n\n\n<h3 class=\"wp-block-heading has-text-align-center has-base-color has-text-color\" style=\"font-size:clamp(1.146rem, 1.146rem + ((1vw - 0.2rem) * 1.026), 1.8rem);font-weight:500\">La Maison<\/h3>\n\n\n\n<p class=\"has-text-align-center has-base-color has-text-color\">Maison familiale au c\u0153ur du Jura<\/p>\n<\/div><\/div>\n\n\n\n<div style=\"height:16px\" aria-hidden=\"true\" class=\"wp-block-spacer\"><\/div>\n\n\n\n<div class=\"wp-block-buttons is-content-justification-center is-layout-flex wp-container-core-buttons-is-layout-a89b3969 wp-block-buttons-is-layout-flex\">\n<div class=\"wp-block-button\"><a class=\"wp-block-button__link has-base-color has-contrast-background-color has-text-color has-background wp-element-button\" href=\"https:\/\/studiobellefontaine.fr\/index.php\/maison\/\" style=\"border-radius:4px;padding-top:12px;padding-right:32px;padding-bottom:12px;padding-left:32px\">D\u00e9couvrir la maison \u2192<\/a><\/div>\n<\/div>\n<\/div>\n<\/div>\n<\/div>\n\n\n\n<div class=\"wp-block-group alignfull has-background has-global-padding is-layout-constrained wp-block-group-is-layout-constrained\" style=\"background-color:#f7f5f1;padding-top:var(--wp--preset--spacing--70);padding-bottom:var(--wp--preset--spacing--70)\">\n<h2 class=\"wp-block-heading has-text-align-center\" style=\"font-weight:500\">Pourquoi nous choisir<\/h2>\n\n\n\n<p class=\"has-text-align-center has-contrast-2-color has-text-color\" style=\"font-size:clamp(0.875rem, 0.875rem + ((1vw - 0.2rem) * 0.196), 1rem);\">L&rsquo;authenticit\u00e9 du Jura \u00e0 port\u00e9e de main<\/p>\n\n\n\n<div style=\"height:40px\" aria-hidden=\"true\" class=\"wp-block-spacer\"><\/div>\n\n\n\n<div class=\"wp-block-columns alignwide is-layout-flex wp-container-core-columns-is-layout-d0b3c9c8 wp-block-columns-is-layout-flex\">\n<div class=\"wp-block-column has-border-color has-contrast-3-border-color is-layout-flow wp-block-column-is-layout-flow\" style=\"border-width:1px;border-radius:12px;padding-top:var(--wp--preset--spacing--50);padding-right:var(--wp--preset--spacing--40);padding-bottom:var(--wp--preset--spacing--50);padding-left:var(--wp--preset--spacing--40)\">\n<p class=\"has-text-align-center\" style=\"font-size:clamp(1.352rem, 1.352rem + ((1vw - 0.2rem) * 1.33), 2.2rem);\">\ud83c\udfd4\ufe0f<\/p>\n\n\n\n<h3 class=\"wp-block-heading has-text-align-center\" style=\"font-size:clamp(0.875rem, 0.875rem + ((1vw - 0.2rem) * 0.431), 1.15rem);font-weight:600\">Au c\u0153ur du Haut-Jura<\/h3>\n\n\n\n<p class=\"has-text-align-center has-contrast-2-color has-text-color\" style=\"font-size:clamp(0.875rem, 0.875rem + ((1vw - 0.2rem) * 0.118), 0.95rem);line-height:1.6\">\u00c0 1000 m d&rsquo;altitude dans le parc naturel r\u00e9gional<\/p>\n<\/div>\n\n\n\n<div class=\"wp-block-column has-border-color has-contrast-3-border-color is-layout-flow wp-block-column-is-layout-flow\" style=\"border-width:1px;border-radius:12px;padding-top:var(--wp--preset--spacing--50);padding-right:var(--wp--preset--spacing--40);padding-bottom:var(--wp--preset--spacing--50);padding-left:var(--wp--preset--spacing--40)\">\n<p class=\"has-text-align-center\" style=\"font-size:clamp(1.352rem, 1.352rem + ((1vw - 0.2rem) * 1.33), 2.2rem);\">\u26f7\ufe0f<\/p>\n\n\n\n<h3 class=\"wp-block-heading has-text-align-center\" style=\"font-size:clamp(0.875rem, 0.875rem + ((1vw - 0.2rem) * 0.431), 1.15rem);font-weight:600\">Activit\u00e9s toute l&rsquo;ann\u00e9e<\/h3>\n\n\n\n<p class=\"has-text-align-center has-contrast-2-color has-text-color\" style=\"font-size:clamp(0.875rem, 0.875rem + ((1vw - 0.2rem) * 0.118), 0.95rem);line-height:1.6\">Ski, raquettes, randonn\u00e9es, v\u00e9lo, lacs et patrimoine<\/p>\n<\/div>\n\n\n\n<div class=\"wp-block-column has-border-color has-contrast-3-border-color is-layout-flow wp-block-column-is-layout-flow\" style=\"border-width:1px;border-radius:12px;padding-top:var(--wp--preset--spacing--50);padding-right:var(--wp--preset--spacing--40);padding-bottom:var(--wp--preset--spacing--50);padding-left:var(--wp--preset--spacing--40)\">\n<p class=\"has-text-align-center\" style=\"font-size:clamp(1.352rem, 1.352rem + ((1vw - 0.2rem) * 1.33), 2.2rem);\">\ud83c\udfe1<\/p>\n\n\n\n<h3 class=\"wp-block-heading has-text-align-center\" style=\"font-size:clamp(0.875rem, 0.875rem + ((1vw - 0.2rem) * 0.431), 1.15rem);font-weight:600\">Accueil chaleureux<\/h3>\n\n\n\n<p class=\"has-text-align-center has-contrast-2-color has-text-color\" style=\"font-size:clamp(0.875rem, 0.875rem + ((1vw - 0.2rem) * 0.118), 0.95rem);line-height:1.6\">Deux logements soign\u00e9s g\u00e9r\u00e9s par les propri\u00e9taires<\/p>\n<\/div>\n\n\n\n<div class=\"wp-block-column has-border-color has-contrast-3-border-color is-layout-flow wp-block-column-is-layout-flow\" style=\"border-width:1px;border-radius:12px;padding-top:var(--wp--preset--spacing--50);padding-right:var(--wp--preset--spacing--40);padding-bottom:var(--wp--preset--spacing--50);padding-left:var(--wp--preset--spacing--40)\">\n<p class=\"has-text-align-center\" style=\"font-size:clamp(1.352rem, 1.352rem + ((1vw - 0.2rem) * 1.33), 2.2rem);\">\ud83d\udc3e<\/p>\n\n\n\n<h3 class=\"wp-block-heading has-text-align-center\" style=\"font-size:clamp(0.875rem, 0.875rem + ((1vw - 0.2rem) * 0.431), 1.15rem);font-weight:600\">Animaux accept\u00e9s<\/h3>\n\n\n\n<p class=\"has-text-align-center has-contrast-2-color has-text-color\" style=\"font-size:clamp(0.875rem, 0.875rem + ((1vw - 0.2rem) * 0.118), 0.95rem);line-height:1.6\">Venez avec votre compagnon \u00e0 quatre pattes<\/p>\n<\/div>\n<\/div>\n<\/div>\n\n\n\n<div class=\"wp-block-group alignwide has-global-padding is-layout-constrained wp-block-group-is-layout-constrained\" style=\"padding-top:var(--wp--preset--spacing--70);padding-bottom:var(--wp--preset--spacing--70)\">\n<h2 class=\"wp-block-heading has-text-align-center\" style=\"font-weight:500\">Activit\u00e9s &amp; environnement<\/h2>\n\n\n\n<p class=\"has-text-align-center has-contrast-2-color has-text-color\" style=\"font-size:clamp(0.875rem, 0.875rem + ((1vw - 0.2rem) * 0.275), 1.05rem);line-height:1.7\">Le Haut-Jura, un terrain de jeu nature toute l&rsquo;ann\u00e9e<\/p>\n\n\n\n<div style=\"height:40px\" aria-hidden=\"true\" class=\"wp-block-spacer\"><\/div>\n\n\n\n<div class=\"wp-block-columns alignwide is-layout-flex wp-container-core-columns-is-layout-d0b3c9c8 wp-block-columns-is-layout-flex\">\n<div class=\"wp-block-column is-layout-flow wp-block-column-is-layout-flow\">\n<p style=\"font-size:clamp(0.875rem, 0.875rem + ((1vw - 0.2rem) * 0.275), 1.05rem);line-height:1.6\"><span style=\"font-size:1.4rem;margin-right:10px\">\u26f7\ufe0f<\/span>Ski alpin &amp; nordique \u00e0 proximit\u00e9 directe<\/p>\n<\/div>\n\n\n\n<div class=\"wp-block-column is-layout-flow wp-block-column-is-layout-flow\">\n<p style=\"font-size:clamp(0.875rem, 0.875rem + ((1vw - 0.2rem) * 0.275), 1.05rem);line-height:1.6\"><span style=\"font-size:1.4rem;margin-right:10px\">\ud83c\udfbf<\/span>Trans-jurassienne : le c\u00e9l\u00e8bre trac\u00e9 du ski de fond<\/p>\n<\/div>\n<\/div>\n\n\n\n<div class=\"wp-block-columns alignwide is-layout-flex wp-container-core-columns-is-layout-d0b3c9c8 wp-block-columns-is-layout-flex\">\n<div class=\"wp-block-column is-layout-flow wp-block-column-is-layout-flow\">\n<p style=\"font-size:clamp(0.875rem, 0.875rem + ((1vw - 0.2rem) * 0.275), 1.05rem);line-height:1.6\"><span style=\"font-size:1.4rem;margin-right:10px\">\ud83c\udfd4\ufe0f<\/span>Domaine de la D\u00f4le \u00e0 15 min (1670 m)<\/p>\n<\/div>\n\n\n\n<div class=\"wp-block-column is-layout-flow wp-block-column-is-layout-flow\">\n<p style=\"font-size:clamp(0.875rem, 0.875rem + ((1vw - 0.2rem) * 0.275), 1.05rem);line-height:1.6\"><span style=\"font-size:1.4rem;margin-right:10px\">\u2744\ufe0f<\/span>Raquettes &amp; chiens de tra\u00eeneau<\/p>\n<\/div>\n<\/div>\n\n\n\n<div class=\"wp-block-columns alignwide is-layout-flex wp-container-core-columns-is-layout-d0b3c9c8 wp-block-columns-is-layout-flex\">\n<div class=\"wp-block-column is-layout-flow wp-block-column-is-layout-flow\">\n<p style=\"font-size:clamp(0.875rem, 0.875rem + ((1vw - 0.2rem) * 0.275), 1.05rem);line-height:1.6\"><span style=\"font-size:1.4rem;margin-right:10px\">\ud83d\udeb4<\/span>Randonn\u00e9e p\u00e9destre, v\u00e9lo route &amp; VTT<\/p>\n<\/div>\n\n\n\n<div class=\"wp-block-column is-layout-flow wp-block-column-is-layout-flow\">\n<p style=\"font-size:clamp(0.875rem, 0.875rem + ((1vw - 0.2rem) * 0.275), 1.05rem);line-height:1.6\"><span style=\"font-size:1.4rem;margin-right:10px\">\ud83c\udfde\ufe0f<\/span>R\u00e9gion des 4 lacs &amp; cascades du H\u00e9risson<\/p>\n<\/div>\n<\/div>\n\n\n\n<div class=\"wp-block-columns alignwide is-layout-flex wp-container-core-columns-is-layout-d0b3c9c8 wp-block-columns-is-layout-flex\">\n<div class=\"wp-block-column is-layout-flow wp-block-column-is-layout-flow\">\n<p style=\"font-size:clamp(0.875rem, 0.875rem + ((1vw - 0.2rem) * 0.275), 1.05rem);line-height:1.6\"><span style=\"font-size:1.4rem;margin-right:10px\">\ud83c\udf0d<\/span>Fronti\u00e8re Suisse \u00e0 20 min \u00b7 Gen\u00e8ve \u00e0 45 min<\/p>\n<\/div>\n\n\n\n<div class=\"wp-block-column is-layout-flow wp-block-column-is-layout-flow\">\n<p style=\"font-size:clamp(0.875rem, 0.875rem + ((1vw - 0.2rem) * 0.275), 1.05rem);line-height:1.6\"><span style=\"font-size:1.4rem;margin-right:10px\">\ud83d\uded2<\/span>Commerces &amp; services \u00e0 Morbier \/ Morez (6 km)<\/p>\n<\/div>\n<\/div>\n<\/div>\n\n\n\n<div class=\"wp-block-group alignfull has-background has-global-padding is-layout-constrained wp-block-group-is-layout-constrained\" style=\"background-color:#2a3d2e;padding-top:var(--wp--preset--spacing--70);padding-bottom:var(--wp--preset--spacing--70)\">\n<h2 class=\"wp-block-heading has-text-align-center has-text-color\" style=\"color:#ffffff;font-size:clamp(1.352rem, 1.352rem + ((1vw - 0.2rem) * 1.33), 2.2rem);font-weight:500\">Pr\u00eat pour votre s\u00e9jour&nbsp;?<\/h2>\n\n\n\n<p class=\"has-text-align-center has-text-color\" style=\"color:#e6ddc8;font-size:clamp(0.875rem, 0.875rem + ((1vw - 0.2rem) * 0.431), 1.15rem);line-height:1.7\">Contactez-nous pour v\u00e9rifier les disponibilit\u00e9s<br>et pr\u00e9parer votre escapade dans le Jura.<\/p>\n<\/div>\n","protected":false},"excerpt":{"rendered":"<p>Bienvenue L&rsquo;esprit du Haut-Jura \u00c0 Bellefontaine et Foncine le Haut, deux locations chaleureuses vous attendent au c\u0153ur du parc naturel r\u00e9gional. Ski, randonn\u00e9e, lacs, raquettes, v\u00e9lo&nbsp;: la nature jurassienne se vit toute l&rsquo;ann\u00e9e. Nos locations Deux logements, une m\u00eame qualit\u00e9 d&rsquo;accueil Pourquoi nous choisir L&rsquo;authenticit\u00e9 du Jura \u00e0 port\u00e9e de main \ud83c\udfd4\ufe0f Au c\u0153ur du [&hellip;]<\/p>\n","protected":false},"author":1,"featured_media":0,"parent":0,"menu_order":0,"comment_status":"closed","ping_status":"closed","template":"","meta":{"footnotes":""},"class_list":["post-46","page","type-page","status-publish","hentry"],"_links":{"self":[{"href":"https:\/\/studiobellefontaine.fr\/index.php\/wp-json\/wp\/v2\/pages\/46","targetHints":{"allow":["GET"]}}],"collection":[{"href":"https:\/\/studiobellefontaine.fr\/index.php\/wp-json\/wp\/v2\/pages"}],"about":[{"href":"https:\/\/studiobellefontaine.fr\/index.php\/wp-json\/wp\/v2\/types\/page"}],"author":[{"embeddable":true,"href":"https:\/\/studiobellefontaine.fr\/index.php\/wp-json\/wp\/v2\/users\/1"}],"replies":[{"embeddable":true,"href":"https:\/\/studiobellefontaine.fr\/index.php\/wp-json\/wp\/v2\/comments?post=46"}],"version-history":[{"count":20,"href":"https:\/\/studiobellefontaine.fr\/index.php\/wp-json\/wp\/v2\/pages\/46\/revisions"}],"predecessor-version":[{"id":151,"href":"https:\/\/studiobellefontaine.fr\/index.php\/wp-json\/wp\/v2\/pages\/46\/revisions\/151"}],"wp:attachment":[{"href":"https:\/\/studiobellefontaine.fr\/index.php\/wp-json\/wp\/v2\/media?parent=46"}],"curies":[{"name":"wp","href":"https:\/\/api.w.org\/{rel}","templated":true}]}}