{"id":70,"date":"2026-02-03T10:34:05","date_gmt":"2026-02-03T09:34:05","guid":{"rendered":"https:\/\/studiobellefontaine.fr\/?page_id=70"},"modified":"2026-05-12T10:36:32","modified_gmt":"2026-05-12T08:36:32","slug":"studio","status":"publish","type":"page","link":"https:\/\/studiobellefontaine.fr\/index.php\/studio\/","title":{"rendered":"studio"},"content":{"rendered":"\n<div class=\"wp-block-cover alignfull\" style=\"padding-top:var(--wp--preset--spacing--80);padding-right:var(--wp--preset--spacing--50);padding-bottom:var(--wp--preset--spacing--80);padding-left:var(--wp--preset--spacing--50);min-height:520px;aspect-ratio:unset;\"><span aria-hidden=\"true\" class=\"wp-block-cover__background has-contrast-background-color has-background-dim-40 has-background-dim\"><\/span><img loading=\"lazy\" decoding=\"async\" width=\"1024\" height=\"568\" sizes=\"auto, (max-width: 799px) 200vw, (max-width: 1701px) 100vw, 1701px\" class=\"wp-block-cover__image-background wp-image-54\" alt=\"\" src=\"https:\/\/studiobellefontaine.fr\/wp-content\/uploads\/2026\/02\/ext-juillet-2-1024x568.jpg\" data-object-fit=\"cover\" srcset=\"https:\/\/studiobellefontaine.fr\/wp-content\/uploads\/2026\/02\/ext-juillet-2-1024x568.jpg 1024w, https:\/\/studiobellefontaine.fr\/wp-content\/uploads\/2026\/02\/ext-juillet-2-300x166.jpg 300w, https:\/\/studiobellefontaine.fr\/wp-content\/uploads\/2026\/02\/ext-juillet-2-768x426.jpg 768w, https:\/\/studiobellefontaine.fr\/wp-content\/uploads\/2026\/02\/ext-juillet-2-1536x852.jpg 1536w, https:\/\/studiobellefontaine.fr\/wp-content\/uploads\/2026\/02\/ext-juillet-2.jpg 1701w\" \/><div class=\"wp-block-cover__inner-container is-layout-flow wp-block-cover-is-layout-flow\">\n\n<p class=\"has-text-align-center has-base-color has-text-color\" style=\"font-size:14px;letter-spacing:4px;text-transform:uppercase\">Location \u00b7 Bellefontaine, Jura<\/p>\n\n\n\n<h1 class=\"wp-block-heading has-text-align-center has-base-color has-text-color\" style=\"font-size:clamp(2.5rem, 6vw, 4.5rem);font-style:normal;font-weight:500;line-height:1.1\">Studio \u00e0 Bellefontaine<\/h1>\n\n\n\n<p class=\"has-text-align-center has-base-color has-text-color\" style=\"font-size:clamp(0.875rem, 0.875rem + ((1vw - 0.2rem) * 0.431), 1.15rem);\">Un g\u00eete cosy 3\u2605 au c\u0153ur du parc naturel du Haut-Jura, \u00e0 1000 m d&rsquo;altitude<\/p>\n\n<\/div><\/div>\n\n\n\n<div class=\"wp-block-group alignwide has-global-padding is-layout-constrained wp-container-core-group-is-layout-545d88d2 wp-block-group-is-layout-constrained\" style=\"padding-top:var(--wp--preset--spacing--70);padding-bottom:var(--wp--preset--spacing--40)\">\n\n<p class=\"has-text-align-center\" style=\"font-size:clamp(0.875rem, 0.875rem + ((1vw - 0.2rem) * 0.588), 1.25rem);line-height:1.7\">Au c\u0153ur du parc naturel du Haut-Jura \u00e0 1000 m d&rsquo;altitude, g\u00eete de <strong>35 m\u00b2<\/strong> class\u00e9 <strong>3 \u00e9toiles<\/strong> au rez-de-chauss\u00e9e de la maison des propri\u00e9taires, avec entr\u00e9e ind\u00e9pendante.<\/p>\n\n<\/div>\n\n\n\n<div class=\"wp-block-group alignwide has-global-padding is-layout-constrained wp-block-group-is-layout-constrained\" style=\"padding-top:var(--wp--preset--spacing--40);padding-bottom:var(--wp--preset--spacing--60)\">\n\n<h2 class=\"wp-block-heading has-text-align-center\" style=\"font-style:normal;font-weight:500\">L&rsquo;essentiel<\/h2>\n\n\n\n<div style=\"height:32px\" aria-hidden=\"true\" class=\"wp-block-spacer\"><\/div>\n\n\n\n<div class=\"wp-block-columns alignwide is-layout-flex wp-container-core-columns-is-layout-d0b3c9c8 wp-block-columns-is-layout-flex\">\n\n<div class=\"wp-block-column has-border-color has-contrast-3-border-color is-layout-flow wp-block-column-is-layout-flow\" style=\"border-width:1px;border-radius:12px;padding-top:var(--wp--preset--spacing--40);padding-right:var(--wp--preset--spacing--40);padding-bottom:var(--wp--preset--spacing--40);padding-left:var(--wp--preset--spacing--40)\">\n<p class=\"has-text-align-center\" style=\"font-size:clamp(1.25rem, 1.25rem + ((1vw - 0.2rem) * 1.176), 2rem);\">\ud83d\udecb\ufe0f<\/p>\n\n<h3 class=\"wp-block-heading has-text-align-center\" style=\"font-size:clamp(0.875rem, 0.875rem + ((1vw - 0.2rem) * 0.353), 1.1rem);font-style:normal;font-weight:600\">S\u00e9jour-cuisine<\/h3>\n\n<p class=\"has-text-align-center\" style=\"font-size:clamp(0.875rem, 0.875rem + ((1vw - 0.2rem) * 0.118), 0.95rem);\">Avec clic-clac<\/p>\n<\/div>\n\n\n\n<div class=\"wp-block-column has-border-color has-contrast-3-border-color is-layout-flow wp-block-column-is-layout-flow\" style=\"border-width:1px;border-radius:12px;padding-top:var(--wp--preset--spacing--40);padding-right:var(--wp--preset--spacing--40);padding-bottom:var(--wp--preset--spacing--40);padding-left:var(--wp--preset--spacing--40)\">\n<p class=\"has-text-align-center\" style=\"font-size:clamp(1.25rem, 1.25rem + ((1vw - 0.2rem) * 1.176), 2rem);\">\ud83d\udecf\ufe0f<\/p>\n\n<h3 class=\"wp-block-heading has-text-align-center\" style=\"font-size:clamp(0.875rem, 0.875rem + ((1vw - 0.2rem) * 0.353), 1.1rem);font-style:normal;font-weight:600\">Chambre<\/h3>\n\n<p class=\"has-text-align-center\" style=\"font-size:clamp(0.875rem, 0.875rem + ((1vw - 0.2rem) * 0.118), 0.95rem);\">1 lit 2 personnes<\/p>\n<\/div>\n\n\n\n<div class=\"wp-block-column has-border-color has-contrast-3-border-color is-layout-flow wp-block-column-is-layout-flow\" style=\"border-width:1px;border-radius:12px;padding-top:var(--wp--preset--spacing--40);padding-right:var(--wp--preset--spacing--40);padding-bottom:var(--wp--preset--spacing--40);padding-left:var(--wp--preset--spacing--40)\">\n<p class=\"has-text-align-center\" style=\"font-size:clamp(1.25rem, 1.25rem + ((1vw - 0.2rem) * 1.176), 2rem);\">\ud83d\udebf<\/p>\n\n<h3 class=\"wp-block-heading has-text-align-center\" style=\"font-size:clamp(0.875rem, 0.875rem + ((1vw - 0.2rem) * 0.353), 1.1rem);font-style:normal;font-weight:600\">Salle de bain<\/h3>\n\n<p class=\"has-text-align-center\" style=\"font-size:clamp(0.875rem, 0.875rem + ((1vw - 0.2rem) * 0.118), 0.95rem);\">Douche &amp; toilettes<\/p>\n<\/div>\n\n\n\n<div class=\"wp-block-column has-border-color has-contrast-3-border-color is-layout-flow wp-block-column-is-layout-flow\" style=\"border-width:1px;border-radius:12px;padding-top:var(--wp--preset--spacing--40);padding-right:var(--wp--preset--spacing--40);padding-bottom:var(--wp--preset--spacing--40);padding-left:var(--wp--preset--spacing--40)\">\n<p class=\"has-text-align-center\" style=\"font-size:clamp(1.25rem, 1.25rem + ((1vw - 0.2rem) * 1.176), 2rem);\">\ud83d\udcd0<\/p>\n\n<h3 class=\"wp-block-heading has-text-align-center\" style=\"font-size:clamp(0.875rem, 0.875rem + ((1vw - 0.2rem) * 0.353), 1.1rem);font-style:normal;font-weight:600\">35 m\u00b2<\/h3>\n\n<p class=\"has-text-align-center\" style=\"font-size:clamp(0.875rem, 0.875rem + ((1vw - 0.2rem) * 0.118), 0.95rem);\">Class\u00e9 3\u2605<\/p>\n<\/div>\n\n<\/div>\n\n<\/div>\n\n\n\n<div class=\"wp-block-group alignfull has-background has-global-padding is-layout-constrained wp-block-group-is-layout-constrained\" style=\"background-color:#f7f5f1;padding-top:var(--wp--preset--spacing--60);padding-bottom:var(--wp--preset--spacing--60)\">\n\n<h2 class=\"wp-block-heading has-text-align-center\" style=\"font-style:normal;font-weight:500\">Galerie<\/h2>\n\n\n\n<p class=\"has-text-align-center has-contrast-2-color has-text-color\" style=\"font-size:clamp(0.875rem, 0.875rem + ((1vw - 0.2rem) * 0.196), 1rem);\">D\u00e9couvrez le studio en images<\/p>\n\n\n\n<div style=\"height:32px\" aria-hidden=\"true\" class=\"wp-block-spacer\"><\/div>\n\n\n\n<figure class=\"wp-block-gallery alignwide has-nested-images columns-2 is-cropped wp-block-gallery-1 is-layout-flex wp-block-gallery-is-layout-flex\">\n\n<figure class=\"wp-block-image size-large\"><img loading=\"lazy\" decoding=\"async\" width=\"1024\" height=\"461\" data-id=\"91\" src=\"https:\/\/studiobellefontaine.fr\/wp-content\/uploads\/2026\/02\/1675448446305-1024x461.jpg\" alt=\"Int\u00e9rieur studio\" class=\"wp-image-91\" srcset=\"https:\/\/studiobellefontaine.fr\/wp-content\/uploads\/2026\/02\/1675448446305-1024x461.jpg 1024w, https:\/\/studiobellefontaine.fr\/wp-content\/uploads\/2026\/02\/1675448446305-300x135.jpg 300w, https:\/\/studiobellefontaine.fr\/wp-content\/uploads\/2026\/02\/1675448446305-768x346.jpg 768w, https:\/\/studiobellefontaine.fr\/wp-content\/uploads\/2026\/02\/1675448446305-1536x691.jpg 1536w, https:\/\/studiobellefontaine.fr\/wp-content\/uploads\/2026\/02\/1675448446305-2048x922.jpg 2048w\" sizes=\"auto, (max-width: 1024px) 100vw, 1024px\" \/><figcaption class=\"wp-element-caption\">Int\u00e9rieur du studio<\/figcaption><\/figure>\n\n\n\n<figure class=\"wp-block-image size-large\"><img loading=\"lazy\" decoding=\"async\" width=\"1024\" height=\"568\" data-id=\"54\" src=\"https:\/\/studiobellefontaine.fr\/wp-content\/uploads\/2026\/02\/ext-juillet-2-1024x568.jpg\" alt=\"Vue ext\u00e9rieure du studio en \u00e9t\u00e9\" class=\"wp-image-54\" srcset=\"https:\/\/studiobellefontaine.fr\/wp-content\/uploads\/2026\/02\/ext-juillet-2-1024x568.jpg 1024w, https:\/\/studiobellefontaine.fr\/wp-content\/uploads\/2026\/02\/ext-juillet-2-300x166.jpg 300w, https:\/\/studiobellefontaine.fr\/wp-content\/uploads\/2026\/02\/ext-juillet-2-768x426.jpg 768w, https:\/\/studiobellefontaine.fr\/wp-content\/uploads\/2026\/02\/ext-juillet-2-1536x852.jpg 1536w, https:\/\/studiobellefontaine.fr\/wp-content\/uploads\/2026\/02\/ext-juillet-2.jpg 1701w\" sizes=\"auto, (max-width: 1024px) 100vw, 1024px\" \/><figcaption class=\"wp-element-caption\">Vue ext\u00e9rieure en \u00e9t\u00e9<\/figcaption><\/figure>\n\n<\/figure>\n\n<\/div>\n\n\n\n<div class=\"wp-block-group alignwide has-global-padding is-layout-constrained wp-block-group-is-layout-constrained\" style=\"padding-top:var(--wp--preset--spacing--70);padding-bottom:var(--wp--preset--spacing--60)\">\n\n<h2 class=\"wp-block-heading has-text-align-center\" style=\"font-style:normal;font-weight:500\">\u00c9quipements<\/h2>\n\n\n\n<p class=\"has-text-align-center has-contrast-2-color has-text-color\" style=\"font-size:clamp(0.875rem, 0.875rem + ((1vw - 0.2rem) * 0.196), 1rem);\">Tout le confort pour un s\u00e9jour serein<\/p>\n\n\n\n<div style=\"height:40px\" aria-hidden=\"true\" class=\"wp-block-spacer\"><\/div>\n\n\n\n<div class=\"wp-block-columns alignwide is-layout-flex wp-container-core-columns-is-layout-d0b3c9c8 wp-block-columns-is-layout-flex\">\n\n<div class=\"wp-block-column is-layout-flow wp-block-column-is-layout-flow\">\n\n<p style=\"font-size:clamp(0.875rem, 0.875rem + ((1vw - 0.2rem) * 0.227), 1.02rem);line-height:1.5\"><span style=\"font-size:1.25rem;margin-right:10px\">\ud83c\udf73<\/span>Plaque \u00e0 induction<\/p>\n\n<\/div>\n\n\n\n<div class=\"wp-block-column is-layout-flow wp-block-column-is-layout-flow\">\n\n<p style=\"font-size:clamp(0.875rem, 0.875rem + ((1vw - 0.2rem) * 0.227), 1.02rem);line-height:1.5\"><span style=\"font-size:1.25rem;margin-right:10px\">\ud83e\udd57<\/span>Frigo &amp; cong\u00e9lateur<\/p>\n\n<\/div>\n\n\n\n<div class=\"wp-block-column is-layout-flow wp-block-column-is-layout-flow\">\n\n<p style=\"font-size:clamp(0.875rem, 0.875rem + ((1vw - 0.2rem) * 0.227), 1.02rem);line-height:1.5\"><span style=\"font-size:1.25rem;margin-right:10px\">\ud83c\udf7d\ufe0f<\/span>Lave-vaisselle<\/p>\n\n<\/div>\n\n\n\n<div class=\"wp-block-column is-layout-flow wp-block-column-is-layout-flow\">\n\n<p style=\"font-size:clamp(0.875rem, 0.875rem + ((1vw - 0.2rem) * 0.227), 1.02rem);line-height:1.5\"><span style=\"font-size:1.25rem;margin-right:10px\">\u2615<\/span>Cafeti\u00e8re &amp; Senseo<\/p>\n\n<\/div>\n\n<\/div>\n\n\n\n<div class=\"wp-block-columns alignwide is-layout-flex wp-container-core-columns-is-layout-d0b3c9c8 wp-block-columns-is-layout-flex\">\n\n<div class=\"wp-block-column is-layout-flow wp-block-column-is-layout-flow\">\n\n<p style=\"font-size:clamp(0.875rem, 0.875rem + ((1vw - 0.2rem) * 0.227), 1.02rem);line-height:1.5\"><span style=\"font-size:1.25rem;margin-right:10px\">\ud83d\udd25<\/span>Four &amp; micro-ondes<\/p>\n\n<\/div>\n\n\n\n<div class=\"wp-block-column is-layout-flow wp-block-column-is-layout-flow\">\n\n<p style=\"font-size:clamp(0.875rem, 0.875rem + ((1vw - 0.2rem) * 0.227), 1.02rem);line-height:1.5\"><span style=\"font-size:1.25rem;margin-right:10px\">\ud83e\uddfa<\/span>Lave-linge<\/p>\n\n<\/div>\n\n\n\n<div class=\"wp-block-column is-layout-flow wp-block-column-is-layout-flow\">\n\n<p style=\"font-size:clamp(0.875rem, 0.875rem + ((1vw - 0.2rem) * 0.227), 1.02rem);line-height:1.5\"><span style=\"font-size:1.25rem;margin-right:10px\">\ud83d\udcfa<\/span>T\u00e9l\u00e9viseur LCD 80 cm<\/p>\n\n<\/div>\n\n\n\n<div class=\"wp-block-column is-layout-flow wp-block-column-is-layout-flow\">\n\n<p style=\"font-size:clamp(0.875rem, 0.875rem + ((1vw - 0.2rem) * 0.227), 1.02rem);line-height:1.5\"><span style=\"font-size:1.25rem;margin-right:10px\">\ud83d\udcbf<\/span>Lecteur DVD<\/p>\n\n<\/div>\n\n<\/div>\n\n\n\n<div class=\"wp-block-columns alignwide is-layout-flex wp-container-core-columns-is-layout-d0b3c9c8 wp-block-columns-is-layout-flex\">\n\n<div class=\"wp-block-column is-layout-flow wp-block-column-is-layout-flow\">\n\n<p style=\"font-size:clamp(0.875rem, 0.875rem + ((1vw - 0.2rem) * 0.227), 1.02rem);line-height:1.5\"><span style=\"font-size:1.25rem;margin-right:10px\">\ud83c\udf7c<\/span>Lit parapluie b\u00e9b\u00e9<\/p>\n\n<\/div>\n\n\n\n<div class=\"wp-block-column is-layout-flow wp-block-column-is-layout-flow\">\n\n<p style=\"font-size:clamp(0.875rem, 0.875rem + ((1vw - 0.2rem) * 0.227), 1.02rem);line-height:1.5\"><span style=\"font-size:1.25rem;margin-right:10px\">\ud83e\ude91<\/span>Chaise enfant<\/p>\n\n<\/div>\n\n\n\n<div class=\"wp-block-column is-layout-flow wp-block-column-is-layout-flow\">\n\n<p style=\"font-size:clamp(0.875rem, 0.875rem + ((1vw - 0.2rem) * 0.227), 1.02rem);line-height:1.5\"><span style=\"font-size:1.25rem;margin-right:10px\">\ud83d\udce6<\/span>Local ext\u00e9rieur<\/p>\n\n<\/div>\n\n\n\n<div class=\"wp-block-column is-layout-flow wp-block-column-is-layout-flow\">\n\n<p style=\"font-size:clamp(0.875rem, 0.875rem + ((1vw - 0.2rem) * 0.227), 1.02rem);line-height:1.5\"><span style=\"font-size:1.25rem;margin-right:10px\">\ud83d\udc3e<\/span>Animaux accept\u00e9s<\/p>\n\n<\/div>\n\n<\/div>\n\n<\/div>\n\n\n\n<div class=\"wp-block-group alignfull has-background has-global-padding is-layout-constrained wp-block-group-is-layout-constrained\" style=\"background-color:#f7f5f1;padding-top:var(--wp--preset--spacing--70);padding-bottom:var(--wp--preset--spacing--70)\">\n\n<h2 class=\"wp-block-heading has-text-align-center\" style=\"font-style:normal;font-weight:500\">Tarifs<\/h2>\n\n\n\n<p class=\"has-text-align-center has-contrast-2-color has-text-color\" style=\"font-size:clamp(0.875rem, 0.875rem + ((1vw - 0.2rem) * 0.196), 1rem);\">Prix par semaine<\/p>\n\n\n\n<div style=\"height:32px\" aria-hidden=\"true\" class=\"wp-block-spacer\"><\/div>\n\n\n\n<div class=\"wp-block-group has-global-padding is-layout-constrained wp-container-core-group-is-layout-b42d8546 wp-block-group-is-layout-constrained\">\n\n<table style=\"width:100%;background:#fff;border-radius:12px;overflow:hidden;border-collapse:collapse;font-size:1.05rem\">\n<tbody><tr><td style=\"padding:16px 20px;border-bottom:1px solid #e5e1d8\">Vacances de No\u00ebl<\/td><td style=\"padding:16px 20px;border-bottom:1px solid #e5e1d8;text-align:right;font-weight:600\">390 \u20ac<\/td><\/tr><tr><td style=\"padding:16px 20px;border-bottom:1px solid #e5e1d8\">Vacances de F\u00e9vrier<\/td><td style=\"padding:16px 20px;border-bottom:1px solid #e5e1d8;text-align:right;font-weight:600\">420 \u20ac<\/td><\/tr><tr><td style=\"padding:16px 20px;border-bottom:1px solid #e5e1d8\">Vacances de P\u00e2ques<\/td><td style=\"padding:16px 20px;border-bottom:1px solid #e5e1d8;text-align:right;font-weight:600\">300 \u20ac<\/td><\/tr><tr><td style=\"padding:16px 20px;border-bottom:1px solid #e5e1d8\">Juillet \/ Ao\u00fbt<\/td><td style=\"padding:16px 20px;border-bottom:1px solid #e5e1d8;text-align:right;font-weight:600\">320 \u20ac<\/td><\/tr><tr><td style=\"padding:16px 20px;border-bottom:1px solid #e5e1d8\">Basse saison hiver<\/td><td style=\"padding:16px 20px;border-bottom:1px solid #e5e1d8;text-align:right;font-weight:600\">255 \u20ac<\/td><\/tr><tr><td style=\"padding:16px 20px;border-bottom:1px solid #e5e1d8\">Basse saison \u00e9t\u00e9<\/td><td style=\"padding:16px 20px;border-bottom:1px solid #e5e1d8;text-align:right;font-weight:600\">200 \u20ac<\/td><\/tr><\/tbody>\n<\/table>\n\n\n\n<div style=\"height:24px\" aria-hidden=\"true\" class=\"wp-block-spacer\"><\/div>\n\n\n\n<p class=\"has-text-align-center has-contrast-2-color has-text-color\" style=\"font-style:italic;font-size:clamp(0.875rem, 0.875rem + ((1vw - 0.2rem) * 0.039), 0.9rem);\">Caution de 200 \u20ac \u00b7 Draps, housse de couette, taies d&rsquo;oreiller, torchons et serviettes de bain non fournis<\/p>\n\n<\/div>\n\n<\/div>\n\n\n\n<div class=\"wp-block-group alignwide has-global-padding is-layout-constrained wp-block-group-is-layout-constrained\" style=\"padding-top:var(--wp--preset--spacing--70);padding-bottom:var(--wp--preset--spacing--70)\">\n\n<h2 class=\"wp-block-heading has-text-align-center\" style=\"font-style:normal;font-weight:500\">Activit\u00e9s &amp; environnement<\/h2>\n\n\n\n<p class=\"has-text-align-center has-contrast-2-color has-text-color\" style=\"font-size:clamp(0.875rem, 0.875rem + ((1vw - 0.2rem) * 0.275), 1.05rem);line-height:1.7\">Situ\u00e9 \u00e0 1000 m d&rsquo;altitude \u00e0 Bellefontaine, au c\u0153ur du parc r\u00e9gional du Haut-Jura,<br>un cadre remarquable pour de nombreuses activit\u00e9s<\/p>\n\n\n\n<div style=\"height:40px\" aria-hidden=\"true\" class=\"wp-block-spacer\"><\/div>\n\n\n\n<div class=\"wp-block-columns alignwide is-layout-flex wp-container-core-columns-is-layout-d0b3c9c8 wp-block-columns-is-layout-flex\">\n\n<div class=\"wp-block-column is-layout-flow wp-block-column-is-layout-flow\">\n\n<p style=\"font-size:clamp(0.875rem, 0.875rem + ((1vw - 0.2rem) * 0.275), 1.05rem);line-height:1.6\"><span style=\"font-size:1.4rem;margin-right:10px\">\u26f7\ufe0f<\/span>Station de ski de Bellefontaine \u00e0 2 min (fond &amp; alpin)<\/p>\n\n<\/div>\n\n\n\n<div class=\"wp-block-column is-layout-flow wp-block-column-is-layout-flow\">\n\n<p style=\"font-size:clamp(0.875rem, 0.875rem + ((1vw - 0.2rem) * 0.275), 1.05rem);line-height:1.6\"><span style=\"font-size:1.4rem;margin-right:10px\">\ud83c\udfbf<\/span>Village travers\u00e9 par la Trans-jurassienne<\/p>\n\n<\/div>\n\n<\/div>\n\n\n\n<div class=\"wp-block-columns alignwide is-layout-flex wp-container-core-columns-is-layout-d0b3c9c8 wp-block-columns-is-layout-flex\">\n\n<div class=\"wp-block-column is-layout-flow wp-block-column-is-layout-flow\">\n\n<p style=\"font-size:clamp(0.875rem, 0.875rem + ((1vw - 0.2rem) * 0.275), 1.05rem);line-height:1.6\"><span style=\"font-size:1.4rem;margin-right:10px\">\ud83c\udfd4\ufe0f<\/span>Domaine de la D\u00f4le \u00e0 15 min (1670 m)<\/p>\n\n<\/div>\n\n\n\n<div class=\"wp-block-column is-layout-flow wp-block-column-is-layout-flow\">\n\n<p style=\"font-size:clamp(0.875rem, 0.875rem + ((1vw - 0.2rem) * 0.275), 1.05rem);line-height:1.6\"><span style=\"font-size:1.4rem;margin-right:10px\">\u2744\ufe0f<\/span>Raquettes &amp; chiens de tra\u00eeneau (sur r\u00e9servation)<\/p>\n\n<\/div>\n\n<\/div>\n\n\n\n<div class=\"wp-block-columns alignwide is-layout-flex wp-container-core-columns-is-layout-d0b3c9c8 wp-block-columns-is-layout-flex\">\n\n<div class=\"wp-block-column is-layout-flow wp-block-column-is-layout-flow\">\n\n<p style=\"font-size:clamp(0.875rem, 0.875rem + ((1vw - 0.2rem) * 0.275), 1.05rem);line-height:1.6\"><span style=\"font-size:1.4rem;margin-right:10px\">\ud83d\udeb4<\/span>Randonn\u00e9es p\u00e9destre, v\u00e9lo route, VTT, lacs des 4 lacs<\/p>\n\n<\/div>\n\n\n\n<div class=\"wp-block-column is-layout-flow wp-block-column-is-layout-flow\">\n\n<p style=\"font-size:clamp(0.875rem, 0.875rem + ((1vw - 0.2rem) * 0.275), 1.05rem);line-height:1.6\"><span style=\"font-size:1.4rem;margin-right:10px\">\ud83c\udfca<\/span>Piscine \u00e0 5 min<\/p>\n\n<\/div>\n\n<\/div>\n\n\n\n<div class=\"wp-block-columns alignwide is-layout-flex wp-container-core-columns-is-layout-d0b3c9c8 wp-block-columns-is-layout-flex\">\n\n<div class=\"wp-block-column is-layout-flow wp-block-column-is-layout-flow\">\n\n<p style=\"font-size:clamp(0.875rem, 0.875rem + ((1vw - 0.2rem) * 0.275), 1.05rem);line-height:1.6\"><span style=\"font-size:1.4rem;margin-right:10px\">\ud83c\udf0d<\/span>Fronti\u00e8re Suisse \u00e0 20 min \u00b7 Gen\u00e8ve \u00e0 45 min<\/p>\n\n<\/div>\n\n\n\n<div class=\"wp-block-column is-layout-flow wp-block-column-is-layout-flow\">\n\n<p style=\"font-size:clamp(0.875rem, 0.875rem + ((1vw - 0.2rem) * 0.275), 1.05rem);line-height:1.6\"><span style=\"font-size:1.4rem;margin-right:10px\">\ud83d\uded2<\/span>Commerces \u00e0 Morbier &amp; Morez (6 km)<\/p>\n\n<\/div>\n\n<\/div>\n\n<\/div>\n\n\n\n<div class=\"wp-block-group alignfull has-background has-global-padding is-layout-constrained wp-block-group-is-layout-constrained\" style=\"background-color:#2a3d2e;padding-top:var(--wp--preset--spacing--70);padding-bottom:var(--wp--preset--spacing--70)\">\n\n<h2 class=\"wp-block-heading has-text-align-center has-text-color\" style=\"color:#ffffff;font-size:clamp(1.25rem, 1.25rem + ((1vw - 0.2rem) * 1.176), 2rem);font-style:normal;font-weight:500\">Envie de r\u00e9server&nbsp;?<\/h2>\n\n\n\n<p class=\"has-text-align-center has-text-color\" style=\"color:#e6ddc8;font-size:clamp(0.875rem, 0.875rem + ((1vw - 0.2rem) * 0.353), 1.1rem);line-height:1.7\">Contactez-nous pour v\u00e9rifier les disponibilit\u00e9s<br>et pr\u00e9parer votre s\u00e9jour dans le Jura<\/p>\n\n<\/div>\n","protected":false},"excerpt":{"rendered":"<p>Au c\u0153ur du parc naturel du Haut-Jura \u00e0 1000 m d&rsquo;altitude, g\u00eete de 35 m\u00b2 class\u00e9 3 \u00e9toiles au rez-de-chauss\u00e9e de la maison des propri\u00e9taires, avec entr\u00e9e ind\u00e9pendante. L&rsquo;essentiel \ud83d\udecb\ufe0f S\u00e9jour-cuisine Avec clic-clac \ud83d\udecf\ufe0f Chambre 1 lit 2 personnes \ud83d\udebf Salle de bain Douche &amp; toilettes \ud83d\udcd0 35 m\u00b2 Class\u00e9 3\u2605 Galerie D\u00e9couvrez le studio [&hellip;]<\/p>\n","protected":false},"author":1,"featured_media":0,"parent":0,"menu_order":0,"comment_status":"closed","ping_status":"closed","template":"","meta":{"footnotes":""},"class_list":["post-70","page","type-page","status-publish","hentry"],"_links":{"self":[{"href":"https:\/\/studiobellefontaine.fr\/index.php\/wp-json\/wp\/v2\/pages\/70","targetHints":{"allow":["GET"]}}],"collection":[{"href":"https:\/\/studiobellefontaine.fr\/index.php\/wp-json\/wp\/v2\/pages"}],"about":[{"href":"https:\/\/studiobellefontaine.fr\/index.php\/wp-json\/wp\/v2\/types\/page"}],"author":[{"embeddable":true,"href":"https:\/\/studiobellefontaine.fr\/index.php\/wp-json\/wp\/v2\/users\/1"}],"replies":[{"embeddable":true,"href":"https:\/\/studiobellefontaine.fr\/index.php\/wp-json\/wp\/v2\/comments?post=70"}],"version-history":[{"count":9,"href":"https:\/\/studiobellefontaine.fr\/index.php\/wp-json\/wp\/v2\/pages\/70\/revisions"}],"predecessor-version":[{"id":142,"href":"https:\/\/studiobellefontaine.fr\/index.php\/wp-json\/wp\/v2\/pages\/70\/revisions\/142"}],"wp:attachment":[{"href":"https:\/\/studiobellefontaine.fr\/index.php\/wp-json\/wp\/v2\/media?parent=70"}],"curies":[{"name":"wp","href":"https:\/\/api.w.org\/{rel}","templated":true}]}}